{"id":27787,"date":"2025-08-08T11:46:33","date_gmt":"2025-08-08T16:46:33","guid":{"rendered":"https:\/\/cgalabs.com\/?page_id=27787"},"modified":"2025-08-25T09:44:46","modified_gmt":"2025-08-25T14:44:46","slug":"certificado-gemologico","status":"publish","type":"page","link":"https:\/\/cgalabs.com\/en\/certificado-gemologico\/","title":{"rendered":"Certificado Gemol\u00f3gico"},"content":{"rendered":"<div data-elementor-type=\"wp-page\" data-elementor-id=\"27787\" class=\"elementor elementor-27787\">\n\t\t\t\t<div class=\"elementor-element elementor-element-431a8f5 e-flex e-con-boxed e-con e-parent\" data-id=\"431a8f5\" data-element_type=\"container\" data-e-type=\"container\">\n\t\t\t\t\t<div class=\"e-con-inner\">\n\t\t\t\t<div class=\"elementor-element elementor-element-6d56c38 elementor-widget elementor-widget-spacer\" data-id=\"6d56c38\" data-element_type=\"widget\" data-e-type=\"widget\" data-widget_type=\"spacer.default\">\n\t\t\t\t\t\t\t<div class=\"elementor-spacer\">\n\t\t\t<div class=\"elementor-spacer-inner\"><\/div>\n\t\t<\/div>\n\t\t\t\t\t\t<\/div>\n\t\t\t\t<div class=\"elementor-element elementor-element-ac2ec83 elementor-widget elementor-widget-heading\" data-id=\"ac2ec83\" data-element_type=\"widget\" data-e-type=\"widget\" data-widget_type=\"heading.default\">\n\t\t\t\t\t<h2 class=\"elementor-heading-title elementor-size-default\">Certificado Gemol\u00f3gico<\/h2>\t\t\t\t<\/div>\n\t\t\t\t<div class=\"elementor-element elementor-element-58da70d elementor-widget elementor-widget-text-editor\" data-id=\"58da70d\" data-element_type=\"widget\" data-e-type=\"widget\" data-widget_type=\"text-editor.default\">\n\t\t\t\t\t\t\t\t\t<p>We issue professional gemological certificates that validate the authenticity, characteristics<br \/>and quality of each gem analyzed. Our reports detail properties such as type of<br \/>stone, carat weight, color, clarity, cut, and relevant technical observations.<br \/>We have specific certificates for colored stones and diamonds, prepared<br \/>by qualified gemologists and backed by specialized technology.<br \/>Request your certificate and ensure the true value of your gems.<\/p>\t\t\t\t\t\t\t\t<\/div>\n\t\t\t\t<div class=\"elementor-element elementor-element-8af9879 elementor-widget elementor-widget-button\" data-id=\"8af9879\" data-element_type=\"widget\" data-e-type=\"widget\" data-widget_type=\"button.default\">\n\t\t\t\t\t\t\t\t\t\t<a class=\"elementor-button elementor-button-link elementor-size-sm\" href=\"https:\/\/cgalabs.com\/consultar-reporte\/\">\n\t\t\t\t\t\t<span class=\"elementor-button-content-wrapper\">\n\t\t\t\t\t\t\t\t\t<span class=\"elementor-button-text\">Go to report<\/span>\n\t\t\t\t\t<\/span>\n\t\t\t\t\t<\/a>\n\t\t\t\t\t\t\t\t<\/div>\n\t\t\t\t\t<\/div>\n\t\t\t\t<\/div>\n\t\t<div class=\"elementor-element elementor-element-5c1389c e-flex e-con-boxed e-con e-parent\" data-id=\"5c1389c\" data-element_type=\"container\" data-e-type=\"container\">\n\t\t\t\t\t<div class=\"e-con-inner\">\n\t\t<div class=\"elementor-element elementor-element-30e1c81 e-con-full e-flex e-con e-child\" data-id=\"30e1c81\" data-element_type=\"container\" data-e-type=\"container\">\n\t\t\t\t<div class=\"elementor-element elementor-element-392b395 elementor-widget elementor-widget-text-editor\" data-id=\"392b395\" data-element_type=\"widget\" data-e-type=\"widget\" data-widget_type=\"text-editor.default\">\n\t\t\t\t\t\t\t\t\t<p>Colored stone<\/p>\t\t\t\t\t\t\t\t<\/div>\n\t\t\t\t<div class=\"elementor-element elementor-element-c3c2751 elementor-widget elementor-widget-image\" data-id=\"c3c2751\" data-element_type=\"widget\" data-e-type=\"widget\" data-widget_type=\"image.default\">\n\t\t\t\t\t\t\t\t\t\t\t\t\t\t\t<img fetchpriority=\"high\" decoding=\"async\" width=\"735\" height=\"490\" src=\"https:\/\/cgalabs.com\/wp-content\/uploads\/2025\/08\/a5f0bf3bafb0c7c91ee89a0e03eca4da.jpg\" class=\"attachment-large size-large wp-image-27792\" alt=\"\" srcset=\"https:\/\/cgalabs.com\/wp-content\/uploads\/2025\/08\/a5f0bf3bafb0c7c91ee89a0e03eca4da.jpg 735w, https:\/\/cgalabs.com\/wp-content\/uploads\/2025\/08\/a5f0bf3bafb0c7c91ee89a0e03eca4da-600x400.jpg 600w, https:\/\/cgalabs.com\/wp-content\/uploads\/2025\/08\/a5f0bf3bafb0c7c91ee89a0e03eca4da-18x12.jpg 18w\" sizes=\"(max-width: 735px) 100vw, 735px\" \/>\t\t\t\t\t\t\t\t\t\t\t\t\t\t\t<\/div>\n\t\t\t\t<\/div>\n\t\t<div class=\"elementor-element elementor-element-c6a5e15 e-con-full e-flex e-con e-child\" data-id=\"c6a5e15\" data-element_type=\"container\" data-e-type=\"container\">\n\t\t\t\t<div class=\"elementor-element elementor-element-0b8a7f2 elementor-widget elementor-widget-text-editor\" data-id=\"0b8a7f2\" data-element_type=\"widget\" data-e-type=\"widget\" data-widget_type=\"text-editor.default\">\n\t\t\t\t\t\t\t\t\t<p>Diamonds<\/p>\t\t\t\t\t\t\t\t<\/div>\n\t\t\t\t<div class=\"elementor-element elementor-element-2d585eb elementor-widget elementor-widget-image\" data-id=\"2d585eb\" data-element_type=\"widget\" data-e-type=\"widget\" data-widget_type=\"image.default\">\n\t\t\t\t\t\t\t\t\t\t\t\t\t\t\t<img decoding=\"async\" width=\"1000\" height=\"667\" src=\"https:\/\/cgalabs.com\/wp-content\/uploads\/2025\/08\/eed5396be0fbc0c256cb1ba27defea5a.jpg\" class=\"attachment-large size-large wp-image-27793\" alt=\"\" srcset=\"https:\/\/cgalabs.com\/wp-content\/uploads\/2025\/08\/eed5396be0fbc0c256cb1ba27defea5a.jpg 1000w, https:\/\/cgalabs.com\/wp-content\/uploads\/2025\/08\/eed5396be0fbc0c256cb1ba27defea5a-600x400.jpg 600w, https:\/\/cgalabs.com\/wp-content\/uploads\/2025\/08\/eed5396be0fbc0c256cb1ba27defea5a-768x512.jpg 768w, https:\/\/cgalabs.com\/wp-content\/uploads\/2025\/08\/eed5396be0fbc0c256cb1ba27defea5a-18x12.jpg 18w\" sizes=\"(max-width: 1000px) 100vw, 1000px\" \/>\t\t\t\t\t\t\t\t\t\t\t\t\t\t\t<\/div>\n\t\t\t\t<\/div>\n\t\t\t\t\t<\/div>\n\t\t\t\t<\/div>\n\t\t<div class=\"elementor-element elementor-element-fe8122c e-flex e-con-boxed e-con e-parent\" data-id=\"fe8122c\" data-element_type=\"container\" data-e-type=\"container\">\n\t\t\t\t\t<div class=\"e-con-inner\">\n\t\t\t\t<div class=\"elementor-element elementor-element-0d4d089 elementor-widget elementor-widget-spacer\" data-id=\"0d4d089\" data-element_type=\"widget\" data-e-type=\"widget\" data-widget_type=\"spacer.default\">\n\t\t\t\t\t\t\t<div class=\"elementor-spacer\">\n\t\t\t<div class=\"elementor-spacer-inner\"><\/div>\n\t\t<\/div>\n\t\t\t\t\t\t<\/div>\n\t\t\t\t\t<\/div>\n\t\t\t\t<\/div>\n\t\t\t\t<\/div>","protected":false},"excerpt":{"rendered":"<p>Certificado Gemol\u00f3gico Emitimos certificados gemol\u00f3gicos profesionales que validan la autenticidad, caracter\u00edsticasy calidad de cada gema analizada. Nuestros informes detallan propiedades como tipo depiedra, peso en quilates, color, pureza, talla y observaciones t\u00e9cnicas relevantes.Contamos con certificados espec\u00edficos para piedras de color y para diamantes, elaboradospor gem\u00f3logos calificados y con el respaldo de tecnolog\u00eda especializada.Solicita tu certificado [&hellip;]<\/p>\n","protected":false},"author":1,"featured_media":0,"parent":0,"menu_order":0,"comment_status":"closed","ping_status":"closed","template":"","meta":{"_uag_custom_page_level_css":"","_monsterinsights_skip_tracking":false,"_monsterinsights_sitenote_active":false,"_monsterinsights_sitenote_note":"","_monsterinsights_sitenote_category":0,"site-sidebar-layout":"no-sidebar","site-content-layout":"page-builder","ast-site-content-layout":"full-width-container","site-content-style":"default","site-sidebar-style":"default","ast-global-header-display":"","ast-banner-title-visibility":"","ast-main-header-display":"","ast-hfb-above-header-display":"","ast-hfb-below-header-display":"","ast-hfb-mobile-header-display":"","site-post-title":"disabled","ast-breadcrumbs-content":"","ast-featured-img":"disabled","footer-sml-layout":"","theme-transparent-header-meta":"","adv-header-id-meta":"","stick-header-meta":"","header-above-stick-meta":"","header-main-stick-meta":"","header-below-stick-meta":"","astra-migrate-meta-layouts":"set","ast-page-background-enabled":"default","ast-page-background-meta":{"desktop":{"background-color":"","background-image":"","background-repeat":"repeat","background-position":"center center","background-size":"auto","background-attachment":"scroll","background-type":"","background-media":"","overlay-type":"","overlay-color":"","overlay-opacity":"","overlay-gradient":""},"tablet":{"background-color":"","background-image":"","background-repeat":"repeat","background-position":"center center","background-size":"auto","background-attachment":"scroll","background-type":"","background-media":"","overlay-type":"","overlay-color":"","overlay-opacity":"","overlay-gradient":""},"mobile":{"background-color":"","background-image":"","background-repeat":"repeat","background-position":"center center","background-size":"auto","background-attachment":"scroll","background-type":"","background-media":"","overlay-type":"","overlay-color":"","overlay-opacity":"","overlay-gradient":""}},"ast-content-background-meta":{"desktop":{"background-color":"var(--ast-global-color-5)","background-image":"","background-repeat":"repeat","background-position":"center center","background-size":"auto","background-attachment":"scroll","background-type":"","background-media":"","overlay-type":"","overlay-color":"","overlay-opacity":"","overlay-gradient":""},"tablet":{"background-color":"var(--ast-global-color-5)","background-image":"","background-repeat":"repeat","background-position":"center center","background-size":"auto","background-attachment":"scroll","background-type":"","background-media":"","overlay-type":"","overlay-color":"","overlay-opacity":"","overlay-gradient":""},"mobile":{"background-color":"var(--ast-global-color-5)","background-image":"","background-repeat":"repeat","background-position":"center center","background-size":"auto","background-attachment":"scroll","background-type":"","background-media":"","overlay-type":"","overlay-color":"","overlay-opacity":"","overlay-gradient":""}},"footnotes":""},"class_list":["post-27787","page","type-page","status-publish","hentry"],"yoast_head":"<!-- This site is optimized with the Yoast SEO plugin v27.4 - https:\/\/yoast.com\/product\/yoast-seo-wordpress\/ -->\n<title>Certificado Gemol\u00f3gico | cgalabs.com<\/title>\n<meta name=\"description\" content=\"Emitimos certificados gemol\u00f3gicos profesionales que validan la autenticidad, caracter\u00edsticas calidad de cada gema analizada.\" \/>\n<meta name=\"robots\" content=\"index, follow, max-snippet:-1, max-image-preview:large, max-video-preview:-1\" \/>\n<link rel=\"canonical\" href=\"https:\/\/cgalabs.com\/en\/certificado-gemologico\/\" \/>\n<meta property=\"og:locale\" content=\"en_US\" \/>\n<meta property=\"og:type\" content=\"article\" \/>\n<meta property=\"og:title\" content=\"Certificado Gemol\u00f3gico | cgalabs.com\" \/>\n<meta property=\"og:description\" content=\"Emitimos certificados gemol\u00f3gicos profesionales que validan la autenticidad, caracter\u00edsticas calidad de cada gema analizada.\" \/>\n<meta property=\"og:url\" content=\"https:\/\/cgalabs.com\/en\/certificado-gemologico\/\" \/>\n<meta property=\"og:site_name\" content=\"cgalabs.com\" \/>\n<meta property=\"article:modified_time\" content=\"2025-08-25T14:44:46+00:00\" \/>\n<meta property=\"og:image\" content=\"https:\/\/cgalabs.com\/wp-content\/uploads\/2025\/08\/a5f0bf3bafb0c7c91ee89a0e03eca4da.jpg\" \/>\n<meta name=\"twitter:card\" content=\"summary_large_image\" \/>\n<meta name=\"twitter:label1\" content=\"Est. reading time\" \/>\n\t<meta name=\"twitter:data1\" content=\"1 minute\" \/>\n<script type=\"application\/ld+json\" class=\"yoast-schema-graph\">{\"@context\":\"https:\\\/\\\/schema.org\",\"@graph\":[{\"@type\":\"WebPage\",\"@id\":\"https:\\\/\\\/cgalabs.com\\\/certificado-gemologico\\\/\",\"url\":\"https:\\\/\\\/cgalabs.com\\\/certificado-gemologico\\\/\",\"name\":\"Certificado Gemol\u00f3gico | cgalabs.com\",\"isPartOf\":{\"@id\":\"https:\\\/\\\/cgalabs.com\\\/#website\"},\"primaryImageOfPage\":{\"@id\":\"https:\\\/\\\/cgalabs.com\\\/certificado-gemologico\\\/#primaryimage\"},\"image\":{\"@id\":\"https:\\\/\\\/cgalabs.com\\\/certificado-gemologico\\\/#primaryimage\"},\"thumbnailUrl\":\"https:\\\/\\\/cgalabs.com\\\/wp-content\\\/uploads\\\/2025\\\/08\\\/a5f0bf3bafb0c7c91ee89a0e03eca4da.jpg\",\"datePublished\":\"2025-08-08T16:46:33+00:00\",\"dateModified\":\"2025-08-25T14:44:46+00:00\",\"description\":\"Emitimos certificados gemol\u00f3gicos profesionales que validan la autenticidad, caracter\u00edsticas calidad de cada gema analizada.\",\"breadcrumb\":{\"@id\":\"https:\\\/\\\/cgalabs.com\\\/certificado-gemologico\\\/#breadcrumb\"},\"inLanguage\":\"en-US\",\"potentialAction\":[{\"@type\":\"ReadAction\",\"target\":[\"https:\\\/\\\/cgalabs.com\\\/certificado-gemologico\\\/\"]}]},{\"@type\":\"ImageObject\",\"inLanguage\":\"en-US\",\"@id\":\"https:\\\/\\\/cgalabs.com\\\/certificado-gemologico\\\/#primaryimage\",\"url\":\"https:\\\/\\\/cgalabs.com\\\/wp-content\\\/uploads\\\/2025\\\/08\\\/a5f0bf3bafb0c7c91ee89a0e03eca4da.jpg\",\"contentUrl\":\"https:\\\/\\\/cgalabs.com\\\/wp-content\\\/uploads\\\/2025\\\/08\\\/a5f0bf3bafb0c7c91ee89a0e03eca4da.jpg\"},{\"@type\":\"BreadcrumbList\",\"@id\":\"https:\\\/\\\/cgalabs.com\\\/certificado-gemologico\\\/#breadcrumb\",\"itemListElement\":[{\"@type\":\"ListItem\",\"position\":1,\"name\":\"Inicio\",\"item\":\"https:\\\/\\\/cgalabs.com\\\/\"},{\"@type\":\"ListItem\",\"position\":2,\"name\":\"Certificado Gemol\u00f3gico\"}]},{\"@type\":\"WebSite\",\"@id\":\"https:\\\/\\\/cgalabs.com\\\/#website\",\"url\":\"https:\\\/\\\/cgalabs.com\\\/\",\"name\":\"Centro Gemol\u00f3gico Avanzado\",\"description\":\"Laboratorio gemol\u00f3gico\",\"publisher\":{\"@id\":\"https:\\\/\\\/cgalabs.com\\\/#organization\"},\"alternateName\":\"CGA\",\"potentialAction\":[{\"@type\":\"SearchAction\",\"target\":{\"@type\":\"EntryPoint\",\"urlTemplate\":\"https:\\\/\\\/cgalabs.com\\\/?s={search_term_string}\"},\"query-input\":{\"@type\":\"PropertyValueSpecification\",\"valueRequired\":true,\"valueName\":\"search_term_string\"}}],\"inLanguage\":\"en-US\"},{\"@type\":\"Organization\",\"@id\":\"https:\\\/\\\/cgalabs.com\\\/#organization\",\"name\":\"Centro Gemol\u00f3gico Avanzado\",\"alternateName\":\"CGA\",\"url\":\"https:\\\/\\\/cgalabs.com\\\/\",\"logo\":{\"@type\":\"ImageObject\",\"inLanguage\":\"en-US\",\"@id\":\"https:\\\/\\\/cgalabs.com\\\/#\\\/schema\\\/logo\\\/image\\\/\",\"url\":\"https:\\\/\\\/cgalabs.com\\\/wp-content\\\/uploads\\\/2025\\\/08\\\/Sin-titulo-2.png\",\"contentUrl\":\"https:\\\/\\\/cgalabs.com\\\/wp-content\\\/uploads\\\/2025\\\/08\\\/Sin-titulo-2.png\",\"width\":1920,\"height\":1080,\"caption\":\"Centro Gemol\u00f3gico Avanzado\"},\"image\":{\"@id\":\"https:\\\/\\\/cgalabs.com\\\/#\\\/schema\\\/logo\\\/image\\\/\"},\"sameAs\":[\"https:\\\/\\\/www.instagram.com\\\/cga.labs\\\/\"]}]}<\/script>\n<!-- \/ Yoast SEO plugin. -->","yoast_head_json":{"title":"Certificado Gemol\u00f3gico | cgalabs.com","description":"Emitimos certificados gemol\u00f3gicos profesionales que validan la autenticidad, caracter\u00edsticas calidad de cada gema analizada.","robots":{"index":"index","follow":"follow","max-snippet":"max-snippet:-1","max-image-preview":"max-image-preview:large","max-video-preview":"max-video-preview:-1"},"canonical":"https:\/\/cgalabs.com\/en\/certificado-gemologico\/","og_locale":"en_US","og_type":"article","og_title":"Certificado Gemol\u00f3gico | cgalabs.com","og_description":"Emitimos certificados gemol\u00f3gicos profesionales que validan la autenticidad, caracter\u00edsticas calidad de cada gema analizada.","og_url":"https:\/\/cgalabs.com\/en\/certificado-gemologico\/","og_site_name":"cgalabs.com","article_modified_time":"2025-08-25T14:44:46+00:00","og_image":[{"url":"https:\/\/cgalabs.com\/wp-content\/uploads\/2025\/08\/a5f0bf3bafb0c7c91ee89a0e03eca4da.jpg","type":"","width":"","height":""}],"twitter_card":"summary_large_image","twitter_misc":{"Est. reading time":"1 minute"},"schema":{"@context":"https:\/\/schema.org","@graph":[{"@type":"WebPage","@id":"https:\/\/cgalabs.com\/certificado-gemologico\/","url":"https:\/\/cgalabs.com\/certificado-gemologico\/","name":"Certificado Gemol\u00f3gico | cgalabs.com","isPartOf":{"@id":"https:\/\/cgalabs.com\/#website"},"primaryImageOfPage":{"@id":"https:\/\/cgalabs.com\/certificado-gemologico\/#primaryimage"},"image":{"@id":"https:\/\/cgalabs.com\/certificado-gemologico\/#primaryimage"},"thumbnailUrl":"https:\/\/cgalabs.com\/wp-content\/uploads\/2025\/08\/a5f0bf3bafb0c7c91ee89a0e03eca4da.jpg","datePublished":"2025-08-08T16:46:33+00:00","dateModified":"2025-08-25T14:44:46+00:00","description":"Emitimos certificados gemol\u00f3gicos profesionales que validan la autenticidad, caracter\u00edsticas calidad de cada gema analizada.","breadcrumb":{"@id":"https:\/\/cgalabs.com\/certificado-gemologico\/#breadcrumb"},"inLanguage":"en-US","potentialAction":[{"@type":"ReadAction","target":["https:\/\/cgalabs.com\/certificado-gemologico\/"]}]},{"@type":"ImageObject","inLanguage":"en-US","@id":"https:\/\/cgalabs.com\/certificado-gemologico\/#primaryimage","url":"https:\/\/cgalabs.com\/wp-content\/uploads\/2025\/08\/a5f0bf3bafb0c7c91ee89a0e03eca4da.jpg","contentUrl":"https:\/\/cgalabs.com\/wp-content\/uploads\/2025\/08\/a5f0bf3bafb0c7c91ee89a0e03eca4da.jpg"},{"@type":"BreadcrumbList","@id":"https:\/\/cgalabs.com\/certificado-gemologico\/#breadcrumb","itemListElement":[{"@type":"ListItem","position":1,"name":"Inicio","item":"https:\/\/cgalabs.com\/"},{"@type":"ListItem","position":2,"name":"Certificado Gemol\u00f3gico"}]},{"@type":"WebSite","@id":"https:\/\/cgalabs.com\/#website","url":"https:\/\/cgalabs.com\/","name":"Centro Gemol\u00f3gico Avanzado","description":"Laboratorio gemol\u00f3gico","publisher":{"@id":"https:\/\/cgalabs.com\/#organization"},"alternateName":"CGA","potentialAction":[{"@type":"SearchAction","target":{"@type":"EntryPoint","urlTemplate":"https:\/\/cgalabs.com\/?s={search_term_string}"},"query-input":{"@type":"PropertyValueSpecification","valueRequired":true,"valueName":"search_term_string"}}],"inLanguage":"en-US"},{"@type":"Organization","@id":"https:\/\/cgalabs.com\/#organization","name":"Centro Gemol\u00f3gico Avanzado","alternateName":"CGA","url":"https:\/\/cgalabs.com\/","logo":{"@type":"ImageObject","inLanguage":"en-US","@id":"https:\/\/cgalabs.com\/#\/schema\/logo\/image\/","url":"https:\/\/cgalabs.com\/wp-content\/uploads\/2025\/08\/Sin-titulo-2.png","contentUrl":"https:\/\/cgalabs.com\/wp-content\/uploads\/2025\/08\/Sin-titulo-2.png","width":1920,"height":1080,"caption":"Centro Gemol\u00f3gico Avanzado"},"image":{"@id":"https:\/\/cgalabs.com\/#\/schema\/logo\/image\/"},"sameAs":["https:\/\/www.instagram.com\/cga.labs\/"]}]}},"uagb_featured_image_src":{"full":false,"thumbnail":false,"medium":false,"medium_large":false,"large":false,"1536x1536":false,"2048x2048":false,"trp-custom-language-flag":false},"uagb_author_info":{"display_name":"vangiosas@gmail.com","author_link":"https:\/\/cgalabs.com\/en\/author\/vangiosasgmail-com\/"},"uagb_comment_info":0,"uagb_excerpt":"Certificado Gemol\u00f3gico Emitimos certificados gemol\u00f3gicos profesionales que validan la autenticidad, caracter\u00edsticasy calidad de cada gema analizada. Nuestros informes detallan propiedades como tipo depiedra, peso en quilates, color, pureza, talla y observaciones t\u00e9cnicas relevantes.Contamos con certificados espec\u00edficos para piedras de color y para diamantes, elaboradospor gem\u00f3logos calificados y con el respaldo de tecnolog\u00eda especializada.Solicita tu certificado&hellip;","_links":{"self":[{"href":"https:\/\/cgalabs.com\/en\/wp-json\/wp\/v2\/pages\/27787","targetHints":{"allow":["GET"]}}],"collection":[{"href":"https:\/\/cgalabs.com\/en\/wp-json\/wp\/v2\/pages"}],"about":[{"href":"https:\/\/cgalabs.com\/en\/wp-json\/wp\/v2\/types\/page"}],"author":[{"embeddable":true,"href":"https:\/\/cgalabs.com\/en\/wp-json\/wp\/v2\/users\/1"}],"replies":[{"embeddable":true,"href":"https:\/\/cgalabs.com\/en\/wp-json\/wp\/v2\/comments?post=27787"}],"version-history":[{"count":41,"href":"https:\/\/cgalabs.com\/en\/wp-json\/wp\/v2\/pages\/27787\/revisions"}],"predecessor-version":[{"id":28029,"href":"https:\/\/cgalabs.com\/en\/wp-json\/wp\/v2\/pages\/27787\/revisions\/28029"}],"wp:attachment":[{"href":"https:\/\/cgalabs.com\/en\/wp-json\/wp\/v2\/media?parent=27787"}],"curies":[{"name":"wp","href":"https:\/\/api.w.org\/{rel}","templated":true}]}}