{"id":27772,"date":"2025-08-08T10:17:28","date_gmt":"2025-08-08T15:17:28","guid":{"rendered":"https:\/\/cgalabs.com\/?page_id=27772"},"modified":"2025-08-25T09:49:33","modified_gmt":"2025-08-25T14:49:33","slug":"tasacion-de-joyas","status":"publish","type":"page","link":"https:\/\/cgalabs.com\/en\/tasacion-de-joyas\/","title":{"rendered":"Jewelry appraisal"},"content":{"rendered":"\t\t<div data-elementor-type=\"wp-page\" data-elementor-id=\"27772\" class=\"elementor elementor-27772\">\n\t\t\t\t<div class=\"elementor-element elementor-element-2c539a2 e-flex e-con-boxed e-con e-parent\" data-id=\"2c539a2\" data-element_type=\"container\" data-e-type=\"container\">\n\t\t\t\t\t<div class=\"e-con-inner\">\n\t\t<div class=\"elementor-element elementor-element-26fbad4 e-con-full e-flex e-con e-child\" data-id=\"26fbad4\" data-element_type=\"container\" data-e-type=\"container\">\n\t\t\t\t<div class=\"elementor-element elementor-element-69da763 elementor-widget elementor-widget-spacer\" data-id=\"69da763\" data-element_type=\"widget\" data-e-type=\"widget\" data-widget_type=\"spacer.default\">\n\t\t\t\t\t\t\t<div class=\"elementor-spacer\">\n\t\t\t<div class=\"elementor-spacer-inner\"><\/div>\n\t\t<\/div>\n\t\t\t\t\t\t<\/div>\n\t\t\t\t<div class=\"elementor-element elementor-element-a8efb59 elementor-widget elementor-widget-heading\" data-id=\"a8efb59\" data-element_type=\"widget\" data-e-type=\"widget\" data-widget_type=\"heading.default\">\n\t\t\t\t\t<h2 class=\"elementor-heading-title elementor-size-default\">\nTasaci\u00f3n de joyas<\/h2>\t\t\t\t<\/div>\n\t\t\t\t<div class=\"elementor-element elementor-element-c5fa77d elementor-widget elementor-widget-text-editor\" data-id=\"c5fa77d\" data-element_type=\"widget\" data-e-type=\"widget\" data-widget_type=\"text-editor.default\">\n\t\t\t\t\t\t\t\t\t<p>Nuestras tasaciones son completamente<br \/>independientes y est\u00e1n realizadas por<br \/>gem\u00f3logos calificados y joyeros<br \/>experimentados, siguiendo est\u00e1ndares<br \/>internacionales y normativa vigente.<br \/>El valor del servicio no est\u00e1 vinculado al<br \/>valor econ\u00f3mico de las piezas evaluadas.<br \/>Cont\u00e1ctanos para solicitar tu<br \/>presupuesto.<\/p>\t\t\t\t\t\t\t\t<\/div>\n\t\t\t\t<\/div>\n\t\t<div class=\"elementor-element elementor-element-1b088a2 e-con-full e-flex e-con e-child\" data-id=\"1b088a2\" data-element_type=\"container\" data-e-type=\"container\">\n\t\t\t\t<div class=\"elementor-element elementor-element-33f4028 elementor-widget elementor-widget-spacer\" data-id=\"33f4028\" data-element_type=\"widget\" data-e-type=\"widget\" data-widget_type=\"spacer.default\">\n\t\t\t\t\t\t\t<div class=\"elementor-spacer\">\n\t\t\t<div class=\"elementor-spacer-inner\"><\/div>\n\t\t<\/div>\n\t\t\t\t\t\t<\/div>\n\t\t\t\t<div class=\"elementor-element elementor-element-1a0e36f elementor-widget elementor-widget-image\" data-id=\"1a0e36f\" data-element_type=\"widget\" data-e-type=\"widget\" data-widget_type=\"image.default\">\n\t\t\t\t\t\t\t\t\t\t\t\t\t\t\t<img fetchpriority=\"high\" decoding=\"async\" width=\"1199\" height=\"818\" src=\"https:\/\/cgalabs.com\/wp-content\/uploads\/2025\/08\/f22684b165538e379a670079a4ded540.jpg\" class=\"attachment-large size-large wp-image-27773\" alt=\"\" srcset=\"https:\/\/cgalabs.com\/wp-content\/uploads\/2025\/08\/f22684b165538e379a670079a4ded540.jpg 1199w, https:\/\/cgalabs.com\/wp-content\/uploads\/2025\/08\/f22684b165538e379a670079a4ded540-600x409.jpg 600w, https:\/\/cgalabs.com\/wp-content\/uploads\/2025\/08\/f22684b165538e379a670079a4ded540-768x524.jpg 768w, https:\/\/cgalabs.com\/wp-content\/uploads\/2025\/08\/f22684b165538e379a670079a4ded540-18x12.jpg 18w\" sizes=\"(max-width: 1199px) 100vw, 1199px\" \/>\t\t\t\t\t\t\t\t\t\t\t\t\t\t\t<\/div>\n\t\t\t\t<\/div>\n\t\t\t\t\t<\/div>\n\t\t\t\t<\/div>\n\t\t<div class=\"elementor-element elementor-element-fc95b38 e-flex e-con-boxed e-con e-parent\" data-id=\"fc95b38\" data-element_type=\"container\" data-e-type=\"container\">\n\t\t\t\t\t<div class=\"e-con-inner\">\n\t\t\t\t<div class=\"elementor-element elementor-element-ceafb07 elementor-widget elementor-widget-heading\" data-id=\"ceafb07\" data-element_type=\"widget\" data-e-type=\"widget\" data-widget_type=\"heading.default\">\n\t\t\t\t\t<h2 class=\"elementor-heading-title elementor-size-default\">\u00bfDesea que le contactemos ?<\/h2>\t\t\t\t<\/div>\n\t\t\t\t<div class=\"elementor-element elementor-element-e0a7e00 elementor-widget elementor-widget-shortcode\" data-id=\"e0a7e00\" data-element_type=\"widget\" data-e-type=\"widget\" data-widget_type=\"shortcode.default\">\n\t\t\t\t\t\t\t<div class=\"elementor-shortcode\"><div class=\"wpforms-container \" id=\"wpforms-27777\"><form id=\"wpforms-form-27777\" class=\"wpforms-validate wpforms-form wpforms-ajax-form\" data-formid=\"27777\" method=\"post\" enctype=\"multipart\/form-data\" action=\"\/en\/wp-json\/wp\/v2\/pages\/27772\" data-token=\"a3c4d16d0f518132fd9f52256146818e\" data-token-time=\"1776432327\"><noscript class=\"wpforms-error-noscript\">Please enable JavaScript in your browser to complete this form.<\/noscript><div class=\"wpforms-field-container\"><div id=\"wpforms-27777-field_1-container\" class=\"wpforms-field wpforms-field-name\" data-field-id=\"1\"><label class=\"wpforms-field-label\">Nombre y apellido <span class=\"wpforms-required-label\">*<\/span><\/label><div class=\"wpforms-field-row wpforms-field-medium\"><div class=\"wpforms-field-row-block wpforms-first wpforms-one-half\"><input type=\"text\" id=\"wpforms-27777-field_1\" class=\"wpforms-field-name-first wpforms-field-required\" name=\"wpforms[fields][1][first]\" required><label for=\"wpforms-27777-field_1\" class=\"wpforms-field-sublabel after\">First<\/label><\/div><div class=\"wpforms-field-row-block wpforms-one-half\"><input type=\"text\" id=\"wpforms-27777-field_1-last\" class=\"wpforms-field-name-last wpforms-field-required\" name=\"wpforms[fields][1][last]\" required><label for=\"wpforms-27777-field_1-last\" class=\"wpforms-field-sublabel after\">Last<\/label><\/div><\/div><\/div><div id=\"wpforms-27777-field_2-container\" class=\"wpforms-field wpforms-field-email\" data-field-id=\"2\"><label class=\"wpforms-field-label\" for=\"wpforms-27777-field_2\">Correo electr\u00f3nico <span class=\"wpforms-required-label\">*<\/span><\/label><input type=\"email\" id=\"wpforms-27777-field_2\" class=\"wpforms-field-medium wpforms-field-required\" name=\"wpforms[fields][2]\" spellcheck=\"false\" required><\/div><div id=\"wpforms-27777-field_3-container\" class=\"wpforms-field wpforms-field-text campo-telefono\" data-field-id=\"3\"><label class=\"wpforms-field-label\" for=\"wpforms-27777-field_3\">Celular<\/label><input type=\"text\" id=\"wpforms-27777-field_3\" class=\"wpforms-field-medium\" name=\"wpforms[fields][3]\" ><\/div>\t\t<div id=\"wpforms-27777-field_5-container\"\n\t\t\tclass=\"wpforms-field wpforms-field-text\"\n\t\t\tdata-field-type=\"text\"\n\t\t\tdata-field-id=\"5\"\n\t\t\t>\n\t\t\t<label class=\"wpforms-field-label\" for=\"wpforms-27777-field_5\" >motivo electr\u00f3nico el<\/label>\n\t\t\t<input type=\"text\" id=\"wpforms-27777-field_5\" class=\"wpforms-field-medium\" name=\"wpforms[fields][5]\" >\n\t\t<\/div>\n\t\t<div id=\"wpforms-27777-field_4-container\" class=\"wpforms-field wpforms-field-textarea\" data-field-id=\"4\"><label class=\"wpforms-field-label\" for=\"wpforms-27777-field_4\">Si lo deseas puedes indicar el motivo de su consulta (opcional)<\/label><textarea id=\"wpforms-27777-field_4\" class=\"wpforms-field-medium\" name=\"wpforms[fields][4]\" ><\/textarea><\/div><script>\n\t\t\t\t( function() {\n\t\t\t\t\tconst style = document.createElement( 'style' );\n\t\t\t\t\tstyle.appendChild( document.createTextNode( '#wpforms-27777-field_5-container { position: absolute !important; overflow: hidden !important; display: inline !important; height: 1px !important; width: 1px !important; z-index: -1000 !important; padding: 0 !important; } #wpforms-27777-field_5-container input { visibility: hidden; } #wpforms-conversational-form-page #wpforms-27777-field_5-container label { counter-increment: none; }' ) );\n\t\t\t\t\tdocument.head.appendChild( style );\n\t\t\t\t\tdocument.currentScript?.remove();\n\t\t\t\t} )();\n\t\t\t<\/script><\/div><!-- .wpforms-field-container --><div class=\"wpforms-submit-container\" ><input type=\"hidden\" name=\"wpforms[id]\" value=\"27777\"><input type=\"hidden\" name=\"page_title\" value=\"\"><input type=\"hidden\" name=\"page_url\" value=\"https:\/\/cgalabs.com\/en\/wp-json\/wp\/v2\/pages\/27772\"><input type=\"hidden\" name=\"url_referer\" value=\"\"><button type=\"submit\" name=\"wpforms[submit]\" id=\"wpforms-submit-27777\" class=\"wpforms-submit\" data-alt-text=\"Enviando...\" data-submit-text=\"Enviar\" aria-live=\"assertive\" value=\"wpforms-submit\">Enviar<\/button><img decoding=\"async\" src=\"https:\/\/cgalabs.com\/wp-content\/plugins\/wpforms-lite\/assets\/images\/submit-spin.svg\" class=\"wpforms-submit-spinner\" style=\"display: none;\" width=\"26\" height=\"26\" alt=\"Loading\"><\/div><\/form><\/div>  <!-- .wpforms-container --><\/div>\n\t\t\t\t\t\t<\/div>\n\t\t\t\t<div class=\"elementor-element elementor-element-d260909 elementor-widget elementor-widget-html\" data-id=\"d260909\" data-element_type=\"widget\" data-e-type=\"widget\" data-widget_type=\"html.default\">\n\t\t\t\t\t<script>\r\ndocument.addEventListener('DOMContentLoaded', function() {\r\n  const telField = document.querySelector('.campo-telefono input');\r\n  if (telField) {\r\n    telField.setAttribute('type', 'tel');\r\n    telField.setAttribute('pattern', '[0-9]{9,15}');\r\n  }\r\n});\r\n<\/script>\r\n\t\t\t\t<\/div>\n\t\t\t\t<div class=\"elementor-element elementor-element-0f6e825 elementor-widget elementor-widget-spacer\" data-id=\"0f6e825\" data-element_type=\"widget\" data-e-type=\"widget\" data-widget_type=\"spacer.default\">\n\t\t\t\t\t\t\t<div class=\"elementor-spacer\">\n\t\t\t<div class=\"elementor-spacer-inner\"><\/div>\n\t\t<\/div>\n\t\t\t\t\t\t<\/div>\n\t\t\t\t\t<\/div>\n\t\t\t\t<\/div>\n\t\t\t\t<\/div>\n\t\t","protected":false},"excerpt":{"rendered":"<p>Tasaci\u00f3n de joyas Nuestras tasaciones son completamenteindependientes y est\u00e1n realizadas porgem\u00f3logos calificados y joyerosexperimentados, siguiendo est\u00e1ndaresinternacionales y normativa vigente.El valor del servicio no est\u00e1 vinculado alvalor econ\u00f3mico de las piezas evaluadas.Cont\u00e1ctanos para solicitar tupresupuesto. \u00bfDesea que le contactemos ?<\/p>","protected":false},"author":1,"featured_media":0,"parent":0,"menu_order":0,"comment_status":"closed","ping_status":"closed","template":"","meta":{"_uag_custom_page_level_css":"","_monsterinsights_skip_tracking":false,"_monsterinsights_sitenote_active":false,"_monsterinsights_sitenote_note":"","_monsterinsights_sitenote_category":0,"site-sidebar-layout":"no-sidebar","site-content-layout":"page-builder","ast-site-content-layout":"full-width-container","site-content-style":"unboxed","site-sidebar-style":"unboxed","ast-global-header-display":"","ast-banner-title-visibility":"","ast-main-header-display":"","ast-hfb-above-header-display":"","ast-hfb-below-header-display":"","ast-hfb-mobile-header-display":"","site-post-title":"disabled","ast-breadcrumbs-content":"","ast-featured-img":"disabled","footer-sml-layout":"","theme-transparent-header-meta":"","adv-header-id-meta":"","stick-header-meta":"","header-above-stick-meta":"","header-main-stick-meta":"","header-below-stick-meta":"","astra-migrate-meta-layouts":"set","ast-page-background-enabled":"default","ast-page-background-meta":{"desktop":{"background-color":"","background-image":"","background-repeat":"repeat","background-position":"center center","background-size":"auto","background-attachment":"scroll","background-type":"","background-media":"","overlay-type":"","overlay-color":"","overlay-opacity":"","overlay-gradient":""},"tablet":{"background-color":"","background-image":"","background-repeat":"repeat","background-position":"center center","background-size":"auto","background-attachment":"scroll","background-type":"","background-media":"","overlay-type":"","overlay-color":"","overlay-opacity":"","overlay-gradient":""},"mobile":{"background-color":"","background-image":"","background-repeat":"repeat","background-position":"center center","background-size":"auto","background-attachment":"scroll","background-type":"","background-media":"","overlay-type":"","overlay-color":"","overlay-opacity":"","overlay-gradient":""}},"ast-content-background-meta":{"desktop":{"background-color":"var(--ast-global-color-5)","background-image":"","background-repeat":"repeat","background-position":"center center","background-size":"auto","background-attachment":"scroll","background-type":"","background-media":"","overlay-type":"","overlay-color":"","overlay-opacity":"","overlay-gradient":""},"tablet":{"background-color":"var(--ast-global-color-5)","background-image":"","background-repeat":"repeat","background-position":"center center","background-size":"auto","background-attachment":"scroll","background-type":"","background-media":"","overlay-type":"","overlay-color":"","overlay-opacity":"","overlay-gradient":""},"mobile":{"background-color":"var(--ast-global-color-5)","background-image":"","background-repeat":"repeat","background-position":"center center","background-size":"auto","background-attachment":"scroll","background-type":"","background-media":"","overlay-type":"","overlay-color":"","overlay-opacity":"","overlay-gradient":""}},"footnotes":""},"class_list":["post-27772","page","type-page","status-publish","hentry"],"yoast_head":"<!-- This site is optimized with the Yoast SEO plugin v27.4 - https:\/\/yoast.com\/product\/yoast-seo-wordpress\/ -->\n<title>Tasaci\u00f3n de joyas | cgalabs.com<\/title>\n<meta name=\"description\" content=\"Nuestras tasaciones son completamente independientes y est\u00e1n realizadas por gem\u00f3logos calificados y joyeros experimentados.\" \/>\n<meta name=\"robots\" content=\"index, follow, max-snippet:-1, max-image-preview:large, max-video-preview:-1\" \/>\n<link rel=\"canonical\" href=\"https:\/\/cgalabs.com\/en\/tasacion-de-joyas\/\" \/>\n<meta property=\"og:locale\" content=\"en_US\" \/>\n<meta property=\"og:type\" content=\"article\" \/>\n<meta property=\"og:title\" content=\"Tasaci\u00f3n de joyas | cgalabs.com\" \/>\n<meta property=\"og:description\" content=\"Nuestras tasaciones son completamente independientes y est\u00e1n realizadas por gem\u00f3logos calificados y joyeros experimentados.\" \/>\n<meta property=\"og:url\" content=\"https:\/\/cgalabs.com\/en\/tasacion-de-joyas\/\" \/>\n<meta property=\"og:site_name\" content=\"cgalabs.com\" \/>\n<meta property=\"article:modified_time\" content=\"2025-08-25T14:49:33+00:00\" \/>\n<meta property=\"og:image\" content=\"https:\/\/cgalabs.com\/wp-content\/uploads\/2025\/08\/f22684b165538e379a670079a4ded540.jpg\" \/>\n<meta name=\"twitter:card\" content=\"summary_large_image\" \/>\n<meta name=\"twitter:label1\" content=\"Est. reading time\" \/>\n\t<meta name=\"twitter:data1\" content=\"1 minute\" \/>\n<script type=\"application\/ld+json\" class=\"yoast-schema-graph\">{\"@context\":\"https:\\\/\\\/schema.org\",\"@graph\":[{\"@type\":\"WebPage\",\"@id\":\"https:\\\/\\\/cgalabs.com\\\/tasacion-de-joyas\\\/\",\"url\":\"https:\\\/\\\/cgalabs.com\\\/tasacion-de-joyas\\\/\",\"name\":\"Tasaci\u00f3n de joyas | cgalabs.com\",\"isPartOf\":{\"@id\":\"https:\\\/\\\/cgalabs.com\\\/#website\"},\"primaryImageOfPage\":{\"@id\":\"https:\\\/\\\/cgalabs.com\\\/tasacion-de-joyas\\\/#primaryimage\"},\"image\":{\"@id\":\"https:\\\/\\\/cgalabs.com\\\/tasacion-de-joyas\\\/#primaryimage\"},\"thumbnailUrl\":\"https:\\\/\\\/cgalabs.com\\\/wp-content\\\/uploads\\\/2025\\\/08\\\/f22684b165538e379a670079a4ded540.jpg\",\"datePublished\":\"2025-08-08T15:17:28+00:00\",\"dateModified\":\"2025-08-25T14:49:33+00:00\",\"description\":\"Nuestras tasaciones son completamente independientes y est\u00e1n realizadas por gem\u00f3logos calificados y joyeros experimentados.\",\"breadcrumb\":{\"@id\":\"https:\\\/\\\/cgalabs.com\\\/tasacion-de-joyas\\\/#breadcrumb\"},\"inLanguage\":\"en-US\",\"potentialAction\":[{\"@type\":\"ReadAction\",\"target\":[\"https:\\\/\\\/cgalabs.com\\\/tasacion-de-joyas\\\/\"]}]},{\"@type\":\"ImageObject\",\"inLanguage\":\"en-US\",\"@id\":\"https:\\\/\\\/cgalabs.com\\\/tasacion-de-joyas\\\/#primaryimage\",\"url\":\"https:\\\/\\\/cgalabs.com\\\/wp-content\\\/uploads\\\/2025\\\/08\\\/f22684b165538e379a670079a4ded540.jpg\",\"contentUrl\":\"https:\\\/\\\/cgalabs.com\\\/wp-content\\\/uploads\\\/2025\\\/08\\\/f22684b165538e379a670079a4ded540.jpg\"},{\"@type\":\"BreadcrumbList\",\"@id\":\"https:\\\/\\\/cgalabs.com\\\/tasacion-de-joyas\\\/#breadcrumb\",\"itemListElement\":[{\"@type\":\"ListItem\",\"position\":1,\"name\":\"Inicio\",\"item\":\"https:\\\/\\\/cgalabs.com\\\/\"},{\"@type\":\"ListItem\",\"position\":2,\"name\":\"Tasaci\u00f3n de joyas\"}]},{\"@type\":\"WebSite\",\"@id\":\"https:\\\/\\\/cgalabs.com\\\/#website\",\"url\":\"https:\\\/\\\/cgalabs.com\\\/\",\"name\":\"Centro Gemol\u00f3gico Avanzado\",\"description\":\"Laboratorio gemol\u00f3gico\",\"publisher\":{\"@id\":\"https:\\\/\\\/cgalabs.com\\\/#organization\"},\"alternateName\":\"CGA\",\"potentialAction\":[{\"@type\":\"SearchAction\",\"target\":{\"@type\":\"EntryPoint\",\"urlTemplate\":\"https:\\\/\\\/cgalabs.com\\\/?s={search_term_string}\"},\"query-input\":{\"@type\":\"PropertyValueSpecification\",\"valueRequired\":true,\"valueName\":\"search_term_string\"}}],\"inLanguage\":\"en-US\"},{\"@type\":\"Organization\",\"@id\":\"https:\\\/\\\/cgalabs.com\\\/#organization\",\"name\":\"Centro Gemol\u00f3gico Avanzado\",\"alternateName\":\"CGA\",\"url\":\"https:\\\/\\\/cgalabs.com\\\/\",\"logo\":{\"@type\":\"ImageObject\",\"inLanguage\":\"en-US\",\"@id\":\"https:\\\/\\\/cgalabs.com\\\/#\\\/schema\\\/logo\\\/image\\\/\",\"url\":\"https:\\\/\\\/cgalabs.com\\\/wp-content\\\/uploads\\\/2025\\\/08\\\/Sin-titulo-2.png\",\"contentUrl\":\"https:\\\/\\\/cgalabs.com\\\/wp-content\\\/uploads\\\/2025\\\/08\\\/Sin-titulo-2.png\",\"width\":1920,\"height\":1080,\"caption\":\"Centro Gemol\u00f3gico Avanzado\"},\"image\":{\"@id\":\"https:\\\/\\\/cgalabs.com\\\/#\\\/schema\\\/logo\\\/image\\\/\"},\"sameAs\":[\"https:\\\/\\\/www.instagram.com\\\/cga.labs\\\/\"]}]}<\/script>\n<!-- \/ Yoast SEO plugin. -->","yoast_head_json":{"title":"Tasaci\u00f3n de joyas | cgalabs.com","description":"Nuestras tasaciones son completamente independientes y est\u00e1n realizadas por gem\u00f3logos calificados y joyeros experimentados.","robots":{"index":"index","follow":"follow","max-snippet":"max-snippet:-1","max-image-preview":"max-image-preview:large","max-video-preview":"max-video-preview:-1"},"canonical":"https:\/\/cgalabs.com\/en\/tasacion-de-joyas\/","og_locale":"en_US","og_type":"article","og_title":"Tasaci\u00f3n de joyas | cgalabs.com","og_description":"Nuestras tasaciones son completamente independientes y est\u00e1n realizadas por gem\u00f3logos calificados y joyeros experimentados.","og_url":"https:\/\/cgalabs.com\/en\/tasacion-de-joyas\/","og_site_name":"cgalabs.com","article_modified_time":"2025-08-25T14:49:33+00:00","og_image":[{"url":"https:\/\/cgalabs.com\/wp-content\/uploads\/2025\/08\/f22684b165538e379a670079a4ded540.jpg","type":"","width":"","height":""}],"twitter_card":"summary_large_image","twitter_misc":{"Est. reading time":"1 minute"},"schema":{"@context":"https:\/\/schema.org","@graph":[{"@type":"WebPage","@id":"https:\/\/cgalabs.com\/tasacion-de-joyas\/","url":"https:\/\/cgalabs.com\/tasacion-de-joyas\/","name":"Tasaci\u00f3n de joyas | cgalabs.com","isPartOf":{"@id":"https:\/\/cgalabs.com\/#website"},"primaryImageOfPage":{"@id":"https:\/\/cgalabs.com\/tasacion-de-joyas\/#primaryimage"},"image":{"@id":"https:\/\/cgalabs.com\/tasacion-de-joyas\/#primaryimage"},"thumbnailUrl":"https:\/\/cgalabs.com\/wp-content\/uploads\/2025\/08\/f22684b165538e379a670079a4ded540.jpg","datePublished":"2025-08-08T15:17:28+00:00","dateModified":"2025-08-25T14:49:33+00:00","description":"Nuestras tasaciones son completamente independientes y est\u00e1n realizadas por gem\u00f3logos calificados y joyeros experimentados.","breadcrumb":{"@id":"https:\/\/cgalabs.com\/tasacion-de-joyas\/#breadcrumb"},"inLanguage":"en-US","potentialAction":[{"@type":"ReadAction","target":["https:\/\/cgalabs.com\/tasacion-de-joyas\/"]}]},{"@type":"ImageObject","inLanguage":"en-US","@id":"https:\/\/cgalabs.com\/tasacion-de-joyas\/#primaryimage","url":"https:\/\/cgalabs.com\/wp-content\/uploads\/2025\/08\/f22684b165538e379a670079a4ded540.jpg","contentUrl":"https:\/\/cgalabs.com\/wp-content\/uploads\/2025\/08\/f22684b165538e379a670079a4ded540.jpg"},{"@type":"BreadcrumbList","@id":"https:\/\/cgalabs.com\/tasacion-de-joyas\/#breadcrumb","itemListElement":[{"@type":"ListItem","position":1,"name":"Inicio","item":"https:\/\/cgalabs.com\/"},{"@type":"ListItem","position":2,"name":"Tasaci\u00f3n de joyas"}]},{"@type":"WebSite","@id":"https:\/\/cgalabs.com\/#website","url":"https:\/\/cgalabs.com\/","name":"Centro Gemol\u00f3gico Avanzado","description":"Laboratorio gemol\u00f3gico","publisher":{"@id":"https:\/\/cgalabs.com\/#organization"},"alternateName":"CGA","potentialAction":[{"@type":"SearchAction","target":{"@type":"EntryPoint","urlTemplate":"https:\/\/cgalabs.com\/?s={search_term_string}"},"query-input":{"@type":"PropertyValueSpecification","valueRequired":true,"valueName":"search_term_string"}}],"inLanguage":"en-US"},{"@type":"Organization","@id":"https:\/\/cgalabs.com\/#organization","name":"Centro Gemol\u00f3gico Avanzado","alternateName":"CGA","url":"https:\/\/cgalabs.com\/","logo":{"@type":"ImageObject","inLanguage":"en-US","@id":"https:\/\/cgalabs.com\/#\/schema\/logo\/image\/","url":"https:\/\/cgalabs.com\/wp-content\/uploads\/2025\/08\/Sin-titulo-2.png","contentUrl":"https:\/\/cgalabs.com\/wp-content\/uploads\/2025\/08\/Sin-titulo-2.png","width":1920,"height":1080,"caption":"Centro Gemol\u00f3gico Avanzado"},"image":{"@id":"https:\/\/cgalabs.com\/#\/schema\/logo\/image\/"},"sameAs":["https:\/\/www.instagram.com\/cga.labs\/"]}]}},"uagb_featured_image_src":{"full":false,"thumbnail":false,"medium":false,"medium_large":false,"large":false,"1536x1536":false,"2048x2048":false,"trp-custom-language-flag":false},"uagb_author_info":{"display_name":"vangiosas@gmail.com","author_link":"https:\/\/cgalabs.com\/en\/author\/vangiosasgmail-com\/"},"uagb_comment_info":0,"uagb_excerpt":"Tasaci\u00f3n de joyas Nuestras tasaciones son completamenteindependientes y est\u00e1n realizadas porgem\u00f3logos calificados y joyerosexperimentados, siguiendo est\u00e1ndaresinternacionales y normativa vigente.El valor del servicio no est\u00e1 vinculado alvalor econ\u00f3mico de las piezas evaluadas.Cont\u00e1ctanos para solicitar tupresupuesto. \u00bfDesea que le contactemos ?","_links":{"self":[{"href":"https:\/\/cgalabs.com\/en\/wp-json\/wp\/v2\/pages\/27772","targetHints":{"allow":["GET"]}}],"collection":[{"href":"https:\/\/cgalabs.com\/en\/wp-json\/wp\/v2\/pages"}],"about":[{"href":"https:\/\/cgalabs.com\/en\/wp-json\/wp\/v2\/types\/page"}],"author":[{"embeddable":true,"href":"https:\/\/cgalabs.com\/en\/wp-json\/wp\/v2\/users\/1"}],"replies":[{"embeddable":true,"href":"https:\/\/cgalabs.com\/en\/wp-json\/wp\/v2\/comments?post=27772"}],"version-history":[{"count":31,"href":"https:\/\/cgalabs.com\/en\/wp-json\/wp\/v2\/pages\/27772\/revisions"}],"predecessor-version":[{"id":28031,"href":"https:\/\/cgalabs.com\/en\/wp-json\/wp\/v2\/pages\/27772\/revisions\/28031"}],"wp:attachment":[{"href":"https:\/\/cgalabs.com\/en\/wp-json\/wp\/v2\/media?parent=27772"}],"curies":[{"name":"wp","href":"https:\/\/api.w.org\/{rel}","templated":true}]}}