{"id":25407,"date":"2025-07-17T19:00:01","date_gmt":"2025-07-17T19:00:01","guid":{"rendered":"http:\/\/cgalabs.com\/home\/"},"modified":"2025-10-17T16:35:43","modified_gmt":"2025-10-17T21:35:43","slug":"home","status":"publish","type":"page","link":"https:\/\/cgalabs.com\/en\/","title":{"rendered":"Home"},"content":{"rendered":"<div class=\"wp-block-uagb-container uagb-block-230d2cc2 alignfull uagb-is-root-container\"><div class=\"uagb-container__video-wrap\"><video autoplay loop muted playsinline><source src=\"https:\/\/cgalabs.com\/wp-content\/uploads\/2025\/08\/GEMAS.mp4\" type=\"video\/mp4\"\/><\/video><\/div><div class=\"uagb-container-inner-blocks-wrap\">\n<div class=\"wp-block-uagb-info-box uagb-block-6f80f11e uagb-infobox__content-wrap  uagb-infobox-icon-above-title uagb-infobox-image-valign-top fondo-info-box\"><div class=\"uagb-ifb-content\"><div class=\"uagb-ifb-title-wrap\"><h1 class=\"uagb-ifb-title\"><strong>GEMOLOGICAL CENTER <br>ADVANCED<\/strong><\/h1><\/div><div class=\"uagb-ifb-button-wrapper wp-block-button\"><a href=\"https:\/\/cgalabs.com\/consultar-reporte\/\" class=\"uagb-infobox-cta-link wp-block-button__link\" target=\"_self\" rel=\"noopener noreferrer\" onclick=\"return true;\"><span class=\"uagb-inline-editing\">\ud83d\udd0e Search for your report<\/span><\/a><\/div><\/div><\/div>\n<\/div><\/div>\n\n\n\n<div class=\"wp-block-uagb-container fondo-gris-infobox uagb-block-8308453a alignfull uagb-is-root-container\"><div class=\"uagb-container-inner-blocks-wrap\">\n<div class=\"wp-block-uagb-container uagb-block-9babc42b\">\n<div class=\"wp-block-uagb-info-box uagb-block-c223a877 uagb-infobox__content-wrap  uagb-infobox_cta-type-all uagb-infobox-icon-above-title uagb-infobox-image-valign-top\"><a href=\"https:\/\/cgalabs.com\/tasacion-de-joyas\/\" class=\"uagb-infobox-link-wrap uagb-infbox__link-to-all\" target=\"_self\" aria-label=\"Infobox Link\" rel=\"noopener noreferrer\" onclick=\"return true;\"><\/a><div class=\"uagb-ifb-content\"><div class=\"uagb-ifb-image-content\"><img loading=\"lazy\" decoding=\"async\" src=\"https:\/\/cgalabs.com\/wp-content\/uploads\/2025\/08\/ring--300x300.png\" alt=\"\" width=\"120\" height=\"120\"\/><\/div><div class=\"uagb-ifb-title-wrap\"><h3 class=\"uagb-ifb-title\"> Jewelry appraisal<br><br><\/h3><\/div><div class=\"uagb-ifb-button-wrapper wp-block-button\"><\/div><\/div><\/div>\n<\/div>\n\n\n\n<div class=\"wp-block-uagb-container uagb-block-680df5b2\">\n<div class=\"wp-block-uagb-info-box uagb-block-75a8b955 uagb-infobox__content-wrap  uagb-infobox_cta-type-all uagb-infobox-icon-above-title uagb-infobox-image-valign-top\"><a href=\"https:\/\/cgalabs.com\/certificado-gemologico\/\" class=\"uagb-infobox-link-wrap uagb-infbox__link-to-all\" target=\"_self\" aria-label=\"Infobox Link\" rel=\"noopener noreferrer\" onclick=\"return true;\"><\/a><div class=\"uagb-ifb-content\"><div class=\"uagb-ifb-image-content\"><img loading=\"lazy\" decoding=\"async\" src=\"https:\/\/cgalabs.com\/wp-content\/uploads\/2025\/08\/paper--300x300.png\" alt=\"\" width=\"120\" height=\"120\"\/><\/div><div class=\"uagb-ifb-title-wrap\"><h3 class=\"uagb-ifb-title\">Certificado<br>Gemol\u00f3gico<\/h3><\/div><div class=\"uagb-ifb-button-wrapper wp-block-button\"><\/div><\/div><\/div>\n<\/div>\n\n\n\n<div class=\"wp-block-uagb-container uagb-block-44d2fdca\">\n<div class=\"wp-block-uagb-info-box uagb-block-b12170d6 uagb-infobox__content-wrap  uagb-infobox_cta-type-all uagb-infobox-icon-above-title uagb-infobox-image-valign-top\"><a href=\"https:\/\/cgalabs.com\/academia\/\" class=\"uagb-infobox-link-wrap uagb-infbox__link-to-all\" target=\"_self\" aria-label=\"Infobox Link\" rel=\"noopener noreferrer\" onclick=\"return true;\"><\/a><div class=\"uagb-ifb-content\"><div class=\"uagb-ifb-image-content\"><img loading=\"lazy\" decoding=\"async\" src=\"https:\/\/cgalabs.com\/wp-content\/uploads\/2025\/08\/education--300x300.png\" alt=\"\" width=\"120\" height=\"120\"\/><\/div><div class=\"uagb-ifb-title-wrap\"><h3 class=\"uagb-ifb-title\">Academy<br><br><\/h3><\/div><div class=\"uagb-ifb-button-wrapper wp-block-button\"><\/div><\/div><\/div>\n<\/div>\n<\/div><\/div>\n\n\n\n<div style=\"height:100px\" aria-hidden=\"true\" class=\"wp-block-spacer\"><\/div>\n\n\n\n<div class=\"wp-block-uagb-container uagb-block-2b98e199 alignfull uagb-is-root-container\"><div class=\"uagb-container-inner-blocks-wrap\">\n<div class=\"wp-block-uagb-advanced-heading uagb-block-51d659b9\"><h2 class=\"uagb-heading-text\"><strong>About us<\/strong><\/h2><\/div>\n\n\n\n<p class=\"has-text-align-center\" style=\"font-size:20px\">We are a gemological laboratory dedicated to analysis, identification, and certification<br>de piedras preciosas, con cinco a\u00f1os de experiencia. Nuestro compromiso es ofrecer un servicio profesional, \u00e9tico<br>and reliable, backed by a team of gemology experts and tools from<br>high precision.<br>We believe in the importance of each gem, not only for its value, but also for its history and<br>meaning it represents to the person who owns it. That's why we work with<br>rigor and attention to detail, delivering results that inspire confidence and<br>support in each assessment.<\/p>\n\n\n\n<div class=\"wp-block-uagb-advanced-heading uagb-block-58ff13a4\"><h2 class=\"uagb-heading-text\"><strong>Our team<\/strong><\/h2><\/div>\n\n\n\n<div class=\"wp-block-columns is-layout-flex wp-container-core-columns-is-layout-28f84493 wp-block-columns-is-layout-flex\">\n<div class=\"wp-block-column is-layout-flow wp-block-column-is-layout-flow\">\n<div class=\"wp-block-uagb-image uagb-block-fe9a5b02 wp-block-uagb-image--layout-default wp-block-uagb-image--effect-static wp-block-uagb-image--align-none\"><figure class=\"wp-block-uagb-image__figure\"><img loading=\"lazy\" decoding=\"async\" srcset=\"https:\/\/cgalabs.com\/wp-content\/uploads\/2025\/08\/NELSON-.png ,https:\/\/cgalabs.com\/wp-content\/uploads\/2025\/08\/NELSON-.png 780w, https:\/\/cgalabs.com\/wp-content\/uploads\/2025\/08\/NELSON-.png 360w\" sizes=\"auto, (max-width: 480px) 150px\" src=\"https:\/\/cgalabs.com\/wp-content\/uploads\/2025\/08\/NELSON-.png\" alt=\"\" class=\"uag-image-27625\" width=\"200\" height=\"200\" title=\"NELSON\" role=\"img\"\/><\/figure><\/div>\n\n\n\n<p class=\"has-text-align-center\" style=\"font-size:15px\"><strong>NELSON INFANTE<\/strong><br>GEMOLOGIST<br>GEMOLOGICAL INSTITUTE OF AMERICA<br>(GIA)<\/p>\n<\/div>\n\n\n\n<div class=\"wp-block-column is-layout-flow wp-block-column-is-layout-flow\">\n<div class=\"wp-block-uagb-image aligncenter uagb-block-b6b4fdaa wp-block-uagb-image--layout-default wp-block-uagb-image--effect-static wp-block-uagb-image--align-center\"><figure class=\"wp-block-uagb-image__figure\"><img loading=\"lazy\" decoding=\"async\" srcset=\"https:\/\/cgalabs.com\/wp-content\/uploads\/2025\/08\/ALIRIO-.png ,https:\/\/cgalabs.com\/wp-content\/uploads\/2025\/08\/ALIRIO-.png 780w, https:\/\/cgalabs.com\/wp-content\/uploads\/2025\/08\/ALIRIO-.png 360w\" sizes=\"auto, (max-width: 480px) 150px\" src=\"https:\/\/cgalabs.com\/wp-content\/uploads\/2025\/08\/ALIRIO-.png\" alt=\"\" class=\"uag-image-28010\" width=\"200\" height=\"200\" title=\"ALIRIO\" role=\"img\"\/><\/figure><\/div>\n\n\n\n<p class=\"has-text-align-center\" style=\"font-size:15px\"><strong>Alirio S\u00e1nchez <\/strong><br>GEOLOGIST<\/p>\n<\/div>\n\n\n\n<div class=\"wp-block-column is-layout-flow wp-block-column-is-layout-flow\">\n<div class=\"wp-block-uagb-image uagb-block-ffdf9c88 wp-block-uagb-image--layout-default wp-block-uagb-image--effect-static wp-block-uagb-image--align-none\"><figure class=\"wp-block-uagb-image__figure\"><img loading=\"lazy\" decoding=\"async\" srcset=\"https:\/\/cgalabs.com\/wp-content\/uploads\/2025\/08\/ANDREA.png ,https:\/\/cgalabs.com\/wp-content\/uploads\/2025\/08\/ANDREA.png 780w, https:\/\/cgalabs.com\/wp-content\/uploads\/2025\/08\/ANDREA.png 360w\" sizes=\"auto, (max-width: 480px) 150px\" src=\"https:\/\/cgalabs.com\/wp-content\/uploads\/2025\/08\/ANDREA.png\" alt=\"\" class=\"uag-image-27628\" width=\"200\" height=\"200\" title=\"ANDREA\" role=\"img\"\/><\/figure><\/div>\n\n\n\n<p class=\"has-text-align-center\" style=\"font-size:15px\"><strong>LEIDY SILVA<\/strong><br>LABORATORY DIRECTOR<\/p>\n<\/div>\n<\/div>\n\n\n\n<div class=\"wp-block-columns is-layout-flex wp-container-core-columns-is-layout-28f84493 wp-block-columns-is-layout-flex\">\n<div class=\"wp-block-column is-layout-flow wp-block-column-is-layout-flow\">\n<div class=\"wp-block-uagb-image uagb-block-2a11641d wp-block-uagb-image--layout-default wp-block-uagb-image--effect-static wp-block-uagb-image--align-none\"><figure class=\"wp-block-uagb-image__figure\"><img loading=\"lazy\" decoding=\"async\" srcset=\"https:\/\/cgalabs.com\/wp-content\/uploads\/2025\/08\/EDUIN.png ,https:\/\/cgalabs.com\/wp-content\/uploads\/2025\/08\/EDUIN.png 780w, https:\/\/cgalabs.com\/wp-content\/uploads\/2025\/08\/EDUIN.png 360w\" sizes=\"auto, (max-width: 480px) 150px\" src=\"https:\/\/cgalabs.com\/wp-content\/uploads\/2025\/08\/EDUIN.png\" alt=\"\" class=\"uag-image-28011\" width=\"200\" height=\"200\" title=\"EDUIN\" role=\"img\"\/><\/figure><\/div>\n\n\n\n<p class=\"has-text-align-center\" style=\"font-size:15px\"><strong>EDDUHYN OCHOA<\/strong><br>SYSTEMS TECHNICIAN<\/p>\n<\/div>\n\n\n\n<div class=\"wp-block-column is-layout-flow wp-block-column-is-layout-flow\">\n<div class=\"wp-block-uagb-image uagb-block-7745f2e7 wp-block-uagb-image--layout-default wp-block-uagb-image--effect-static wp-block-uagb-image--align-none\"><figure class=\"wp-block-uagb-image__figure\"><img loading=\"lazy\" decoding=\"async\" srcset=\"https:\/\/cgalabs.com\/wp-content\/uploads\/2025\/08\/SILVIA.png ,https:\/\/cgalabs.com\/wp-content\/uploads\/2025\/08\/SILVIA.png 780w, https:\/\/cgalabs.com\/wp-content\/uploads\/2025\/08\/SILVIA.png 360w\" sizes=\"auto, (max-width: 480px) 150px\" src=\"https:\/\/cgalabs.com\/wp-content\/uploads\/2025\/08\/SILVIA.png\" alt=\"\" class=\"uag-image-27630\" width=\"200\" height=\"200\" title=\"SILVIA\" role=\"img\"\/><\/figure><\/div>\n\n\n\n<p class=\"has-text-align-center\" style=\"font-size:15px\"><strong>SILVIA CARDENAS<\/strong><br>ADMINISTRATIVE ASSISTANT<\/p>\n<\/div>\n\n\n\n<div class=\"wp-block-column is-layout-flow wp-block-column-is-layout-flow\">\n<div class=\"wp-block-uagb-image uagb-block-c08b3e46 wp-block-uagb-image--layout-default wp-block-uagb-image--effect-static wp-block-uagb-image--align-none\"><figure class=\"wp-block-uagb-image__figure\"><img loading=\"lazy\" decoding=\"async\" srcset=\"https:\/\/cgalabs.com\/wp-content\/uploads\/2025\/08\/CAMILA.png ,https:\/\/cgalabs.com\/wp-content\/uploads\/2025\/08\/CAMILA.png 780w, https:\/\/cgalabs.com\/wp-content\/uploads\/2025\/08\/CAMILA.png 360w\" sizes=\"auto, (max-width: 480px) 150px\" src=\"https:\/\/cgalabs.com\/wp-content\/uploads\/2025\/08\/CAMILA.png\" alt=\"\" class=\"uag-image-27631\" width=\"200\" height=\"200\" title=\"CAMILA\" role=\"img\"\/><\/figure><\/div>\n\n\n\n<p class=\"has-text-align-center\" style=\"font-size:15px\"><strong>CAMILA ANGARITA<\/strong><br>DESIGNER<\/p>\n<\/div>\n<\/div>\n<\/div><\/div>\n\n\n\n<div style=\"height:100px\" aria-hidden=\"true\" class=\"wp-block-spacer\"><\/div>\n\n\n\n<p><\/p>\n\n\n\n<p><\/p>\n\n\n\n<p><\/p>\n\n\n\n<p><\/p>\n\n\n\n<p><\/p>","protected":false},"excerpt":{"rendered":"<p>Quienes somos Somos un laboratorio gemol\u00f3gico dedicado al an\u00e1lisis, identificaci\u00f3n y certificaci\u00f3nde piedras preciosas, con cinco a\u00f1os de experiencia. Nuestro compromiso es ofrecer un servicio profesional, \u00e9ticoy confiable, respaldado por un equipo de expertos en gemolog\u00eda y herramientas dealta precisi\u00f3n.Creemos en la importancia de cada gema, no solo por su valor, sino por la historia [&hellip;]<\/p>\n","protected":false},"author":1,"featured_media":0,"parent":0,"menu_order":0,"comment_status":"closed","ping_status":"closed","template":"","meta":{"_uag_custom_page_level_css":"","_monsterinsights_skip_tracking":false,"_monsterinsights_sitenote_active":false,"_monsterinsights_sitenote_note":"","_monsterinsights_sitenote_category":0,"site-sidebar-layout":"no-sidebar","site-content-layout":"plain-container","ast-site-content-layout":"full-width-container","site-content-style":"unboxed","site-sidebar-style":"unboxed","ast-global-header-display":"","ast-banner-title-visibility":"","ast-main-header-display":"","ast-hfb-above-header-display":"","ast-hfb-below-header-display":"","ast-hfb-mobile-header-display":"","site-post-title":"disabled","ast-breadcrumbs-content":"","ast-featured-img":"disabled","footer-sml-layout":"","theme-transparent-header-meta":"enabled","adv-header-id-meta":"","stick-header-meta":"","header-above-stick-meta":"","header-main-stick-meta":"","header-below-stick-meta":"","astra-migrate-meta-layouts":"set","ast-page-background-enabled":"default","ast-page-background-meta":{"desktop":{"background-color":"","background-image":"","background-repeat":"repeat","background-position":"center center","background-size":"auto","background-attachment":"scroll","background-type":"","background-media":"","overlay-type":"","overlay-color":"","overlay-opacity":"","overlay-gradient":""},"tablet":{"background-color":"","background-image":"","background-repeat":"repeat","background-position":"center center","background-size":"auto","background-attachment":"scroll","background-type":"","background-media":"","overlay-type":"","overlay-color":"","overlay-opacity":"","overlay-gradient":""},"mobile":{"background-color":"","background-image":"","background-repeat":"repeat","background-position":"center center","background-size":"auto","background-attachment":"scroll","background-type":"","background-media":"","overlay-type":"","overlay-color":"","overlay-opacity":"","overlay-gradient":""}},"ast-content-background-meta":{"desktop":{"background-color":"var(--ast-global-color-5)","background-image":"","background-repeat":"repeat","background-position":"center center","background-size":"auto","background-attachment":"scroll","background-type":"","background-media":"","overlay-type":"","overlay-color":"","overlay-opacity":"","overlay-gradient":""},"tablet":{"background-color":"var(--ast-global-color-5)","background-image":"","background-repeat":"repeat","background-position":"center center","background-size":"auto","background-attachment":"scroll","background-type":"","background-media":"","overlay-type":"","overlay-color":"","overlay-opacity":"","overlay-gradient":""},"mobile":{"background-color":"var(--ast-global-color-5)","background-image":"","background-repeat":"repeat","background-position":"center center","background-size":"auto","background-attachment":"scroll","background-type":"","background-media":"","overlay-type":"","overlay-color":"","overlay-opacity":"","overlay-gradient":""}},"footnotes":""},"class_list":["post-25407","page","type-page","status-publish","hentry"],"yoast_head":"<!-- This site is optimized with the Yoast SEO plugin v27.4 - https:\/\/yoast.com\/product\/yoast-seo-wordpress\/ -->\n<title>CGA | Centro Gemol\u00f3gico Avanzado<\/title>\n<meta name=\"description\" content=\"CENTRO GEMOLOGICO AVANZADO Somos un laboratorio gemol\u00f3gico dedicado al an\u00e1lisis, identificaci\u00f3n y certificaci\u00f3n de piedras preciosas.\" \/>\n<meta name=\"robots\" content=\"index, follow, max-snippet:-1, max-image-preview:large, max-video-preview:-1\" \/>\n<link rel=\"canonical\" href=\"https:\/\/cgalabs.com\/en\/\" \/>\n<meta property=\"og:locale\" content=\"en_US\" \/>\n<meta property=\"og:type\" content=\"article\" \/>\n<meta property=\"og:title\" content=\"CGA | Centro Gemol\u00f3gico Avanzado\" \/>\n<meta property=\"og:description\" content=\"CENTRO GEMOLOGICO AVANZADO Somos un laboratorio gemol\u00f3gico dedicado al an\u00e1lisis, identificaci\u00f3n y certificaci\u00f3n de piedras preciosas.\" \/>\n<meta property=\"og:url\" content=\"https:\/\/cgalabs.com\/en\/\" \/>\n<meta property=\"og:site_name\" content=\"cgalabs.com\" \/>\n<meta property=\"article:modified_time\" content=\"2025-10-17T21:35:43+00:00\" \/>\n<meta property=\"og:image\" content=\"https:\/\/cgalabs.com\/wp-content\/uploads\/2025\/08\/ring--300x300.png\" \/>\n<meta name=\"twitter:card\" content=\"summary_large_image\" \/>\n<meta name=\"twitter:label1\" content=\"Est. reading time\" \/>\n\t<meta name=\"twitter:data1\" content=\"3 minutes\" \/>\n<script type=\"application\/ld+json\" class=\"yoast-schema-graph\">{\"@context\":\"https:\\\/\\\/schema.org\",\"@graph\":[{\"@type\":\"WebPage\",\"@id\":\"https:\\\/\\\/cgalabs.com\\\/\",\"url\":\"https:\\\/\\\/cgalabs.com\\\/\",\"name\":\"CGA | Centro Gemol\u00f3gico Avanzado\",\"isPartOf\":{\"@id\":\"https:\\\/\\\/cgalabs.com\\\/#website\"},\"primaryImageOfPage\":{\"@id\":\"https:\\\/\\\/cgalabs.com\\\/#primaryimage\"},\"image\":{\"@id\":\"https:\\\/\\\/cgalabs.com\\\/#primaryimage\"},\"thumbnailUrl\":\"https:\\\/\\\/cgalabs.com\\\/wp-content\\\/uploads\\\/2025\\\/08\\\/ring--300x300.png\",\"datePublished\":\"2025-07-17T19:00:01+00:00\",\"dateModified\":\"2025-10-17T21:35:43+00:00\",\"description\":\"CENTRO GEMOLOGICO AVANZADO Somos un laboratorio gemol\u00f3gico dedicado al an\u00e1lisis, identificaci\u00f3n y certificaci\u00f3n de piedras preciosas.\",\"breadcrumb\":{\"@id\":\"https:\\\/\\\/cgalabs.com\\\/#breadcrumb\"},\"inLanguage\":\"en-US\",\"potentialAction\":[{\"@type\":\"ReadAction\",\"target\":[\"https:\\\/\\\/cgalabs.com\\\/\"]}]},{\"@type\":\"ImageObject\",\"inLanguage\":\"en-US\",\"@id\":\"https:\\\/\\\/cgalabs.com\\\/#primaryimage\",\"url\":\"https:\\\/\\\/cgalabs.com\\\/wp-content\\\/uploads\\\/2025\\\/08\\\/ring--300x300.png\",\"contentUrl\":\"https:\\\/\\\/cgalabs.com\\\/wp-content\\\/uploads\\\/2025\\\/08\\\/ring--300x300.png\"},{\"@type\":\"BreadcrumbList\",\"@id\":\"https:\\\/\\\/cgalabs.com\\\/#breadcrumb\",\"itemListElement\":[{\"@type\":\"ListItem\",\"position\":1,\"name\":\"Inicio\",\"item\":\"https:\\\/\\\/cgalabs.com\\\/\"},{\"@type\":\"ListItem\",\"position\":2,\"name\":\"Home\"}]},{\"@type\":\"WebSite\",\"@id\":\"https:\\\/\\\/cgalabs.com\\\/#website\",\"url\":\"https:\\\/\\\/cgalabs.com\\\/\",\"name\":\"Centro Gemol\u00f3gico Avanzado\",\"description\":\"Laboratorio gemol\u00f3gico\",\"publisher\":{\"@id\":\"https:\\\/\\\/cgalabs.com\\\/#organization\"},\"alternateName\":\"CGA\",\"potentialAction\":[{\"@type\":\"SearchAction\",\"target\":{\"@type\":\"EntryPoint\",\"urlTemplate\":\"https:\\\/\\\/cgalabs.com\\\/?s={search_term_string}\"},\"query-input\":{\"@type\":\"PropertyValueSpecification\",\"valueRequired\":true,\"valueName\":\"search_term_string\"}}],\"inLanguage\":\"en-US\"},{\"@type\":\"Organization\",\"@id\":\"https:\\\/\\\/cgalabs.com\\\/#organization\",\"name\":\"Centro Gemol\u00f3gico Avanzado\",\"alternateName\":\"CGA\",\"url\":\"https:\\\/\\\/cgalabs.com\\\/\",\"logo\":{\"@type\":\"ImageObject\",\"inLanguage\":\"en-US\",\"@id\":\"https:\\\/\\\/cgalabs.com\\\/#\\\/schema\\\/logo\\\/image\\\/\",\"url\":\"https:\\\/\\\/cgalabs.com\\\/wp-content\\\/uploads\\\/2025\\\/08\\\/Sin-titulo-2.png\",\"contentUrl\":\"https:\\\/\\\/cgalabs.com\\\/wp-content\\\/uploads\\\/2025\\\/08\\\/Sin-titulo-2.png\",\"width\":1920,\"height\":1080,\"caption\":\"Centro Gemol\u00f3gico Avanzado\"},\"image\":{\"@id\":\"https:\\\/\\\/cgalabs.com\\\/#\\\/schema\\\/logo\\\/image\\\/\"},\"sameAs\":[\"https:\\\/\\\/www.instagram.com\\\/cga.labs\\\/\"]}]}<\/script>\n<!-- \/ Yoast SEO plugin. -->","yoast_head_json":{"title":"CGA | Centro Gemol\u00f3gico Avanzado","description":"CENTRO GEMOLOGICO AVANZADO Somos un laboratorio gemol\u00f3gico dedicado al an\u00e1lisis, identificaci\u00f3n y certificaci\u00f3n de piedras preciosas.","robots":{"index":"index","follow":"follow","max-snippet":"max-snippet:-1","max-image-preview":"max-image-preview:large","max-video-preview":"max-video-preview:-1"},"canonical":"https:\/\/cgalabs.com\/en\/","og_locale":"en_US","og_type":"article","og_title":"CGA | Centro Gemol\u00f3gico Avanzado","og_description":"CENTRO GEMOLOGICO AVANZADO Somos un laboratorio gemol\u00f3gico dedicado al an\u00e1lisis, identificaci\u00f3n y certificaci\u00f3n de piedras preciosas.","og_url":"https:\/\/cgalabs.com\/en\/","og_site_name":"cgalabs.com","article_modified_time":"2025-10-17T21:35:43+00:00","og_image":[{"url":"https:\/\/cgalabs.com\/wp-content\/uploads\/2025\/08\/ring--300x300.png","type":"","width":"","height":""}],"twitter_card":"summary_large_image","twitter_misc":{"Est. reading time":"3 minutes"},"schema":{"@context":"https:\/\/schema.org","@graph":[{"@type":"WebPage","@id":"https:\/\/cgalabs.com\/","url":"https:\/\/cgalabs.com\/","name":"CGA | Centro Gemol\u00f3gico Avanzado","isPartOf":{"@id":"https:\/\/cgalabs.com\/#website"},"primaryImageOfPage":{"@id":"https:\/\/cgalabs.com\/#primaryimage"},"image":{"@id":"https:\/\/cgalabs.com\/#primaryimage"},"thumbnailUrl":"https:\/\/cgalabs.com\/wp-content\/uploads\/2025\/08\/ring--300x300.png","datePublished":"2025-07-17T19:00:01+00:00","dateModified":"2025-10-17T21:35:43+00:00","description":"CENTRO GEMOLOGICO AVANZADO Somos un laboratorio gemol\u00f3gico dedicado al an\u00e1lisis, identificaci\u00f3n y certificaci\u00f3n de piedras preciosas.","breadcrumb":{"@id":"https:\/\/cgalabs.com\/#breadcrumb"},"inLanguage":"en-US","potentialAction":[{"@type":"ReadAction","target":["https:\/\/cgalabs.com\/"]}]},{"@type":"ImageObject","inLanguage":"en-US","@id":"https:\/\/cgalabs.com\/#primaryimage","url":"https:\/\/cgalabs.com\/wp-content\/uploads\/2025\/08\/ring--300x300.png","contentUrl":"https:\/\/cgalabs.com\/wp-content\/uploads\/2025\/08\/ring--300x300.png"},{"@type":"BreadcrumbList","@id":"https:\/\/cgalabs.com\/#breadcrumb","itemListElement":[{"@type":"ListItem","position":1,"name":"Inicio","item":"https:\/\/cgalabs.com\/"},{"@type":"ListItem","position":2,"name":"Home"}]},{"@type":"WebSite","@id":"https:\/\/cgalabs.com\/#website","url":"https:\/\/cgalabs.com\/","name":"Centro Gemol\u00f3gico Avanzado","description":"Laboratorio gemol\u00f3gico","publisher":{"@id":"https:\/\/cgalabs.com\/#organization"},"alternateName":"CGA","potentialAction":[{"@type":"SearchAction","target":{"@type":"EntryPoint","urlTemplate":"https:\/\/cgalabs.com\/?s={search_term_string}"},"query-input":{"@type":"PropertyValueSpecification","valueRequired":true,"valueName":"search_term_string"}}],"inLanguage":"en-US"},{"@type":"Organization","@id":"https:\/\/cgalabs.com\/#organization","name":"Centro Gemol\u00f3gico Avanzado","alternateName":"CGA","url":"https:\/\/cgalabs.com\/","logo":{"@type":"ImageObject","inLanguage":"en-US","@id":"https:\/\/cgalabs.com\/#\/schema\/logo\/image\/","url":"https:\/\/cgalabs.com\/wp-content\/uploads\/2025\/08\/Sin-titulo-2.png","contentUrl":"https:\/\/cgalabs.com\/wp-content\/uploads\/2025\/08\/Sin-titulo-2.png","width":1920,"height":1080,"caption":"Centro Gemol\u00f3gico Avanzado"},"image":{"@id":"https:\/\/cgalabs.com\/#\/schema\/logo\/image\/"},"sameAs":["https:\/\/www.instagram.com\/cga.labs\/"]}]}},"uagb_featured_image_src":{"full":false,"thumbnail":false,"medium":false,"medium_large":false,"large":false,"1536x1536":false,"2048x2048":false,"trp-custom-language-flag":false},"uagb_author_info":{"display_name":"vangiosas@gmail.com","author_link":"https:\/\/cgalabs.com\/en\/author\/vangiosasgmail-com\/"},"uagb_comment_info":0,"uagb_excerpt":"Quienes somos Somos un laboratorio gemol\u00f3gico dedicado al an\u00e1lisis, identificaci\u00f3n y certificaci\u00f3nde piedras preciosas, con cinco a\u00f1os de experiencia. Nuestro compromiso es ofrecer un servicio profesional, \u00e9ticoy confiable, respaldado por un equipo de expertos en gemolog\u00eda y herramientas dealta precisi\u00f3n.Creemos en la importancia de cada gema, no solo por su valor, sino por la historia&hellip;","_links":{"self":[{"href":"https:\/\/cgalabs.com\/en\/wp-json\/wp\/v2\/pages\/25407","targetHints":{"allow":["GET"]}}],"collection":[{"href":"https:\/\/cgalabs.com\/en\/wp-json\/wp\/v2\/pages"}],"about":[{"href":"https:\/\/cgalabs.com\/en\/wp-json\/wp\/v2\/types\/page"}],"author":[{"embeddable":true,"href":"https:\/\/cgalabs.com\/en\/wp-json\/wp\/v2\/users\/1"}],"replies":[{"embeddable":true,"href":"https:\/\/cgalabs.com\/en\/wp-json\/wp\/v2\/comments?post=25407"}],"version-history":[{"count":84,"href":"https:\/\/cgalabs.com\/en\/wp-json\/wp\/v2\/pages\/25407\/revisions"}],"predecessor-version":[{"id":28046,"href":"https:\/\/cgalabs.com\/en\/wp-json\/wp\/v2\/pages\/25407\/revisions\/28046"}],"wp:attachment":[{"href":"https:\/\/cgalabs.com\/en\/wp-json\/wp\/v2\/media?parent=25407"}],"curies":[{"name":"wp","href":"https:\/\/api.w.org\/{rel}","templated":true}]}}